{"id":5077,"date":"2024-11-04T01:08:38","date_gmt":"2024-11-03T18:08:38","guid":{"rendered":"https:\/\/mekong-prime.com\/?page_id=5077"},"modified":"2024-12-25T09:49:37","modified_gmt":"2024-12-25T02:49:37","slug":"di-tru","status":"publish","type":"page","link":"https:\/\/mekong-prime.com\/en\/di-tru\/","title":{"rendered":"Immigration"},"content":{"rendered":"<div data-elementor-type=\"wp-page\" data-elementor-id=\"5077\" class=\"elementor elementor-5077\" data-elementor-post-type=\"page\">\n\t\t\t\t<div class=\"elementor-element elementor-element-7ce42b7 e-flex e-con-boxed e-con e-parent\" data-id=\"7ce42b7\" data-element_type=\"container\">\n\t\t\t\t\t<div class=\"e-con-inner\">\n\t\t\t\t<div class=\"elementor-element elementor-element-da95266 elementor-widget elementor-widget-heading\" data-id=\"da95266\" data-element_type=\"widget\" data-widget_type=\"heading.default\">\n\t\t\t\t<div class=\"elementor-widget-container\">\n\t\t\t<h2 class=\"elementor-heading-title elementor-size-default\">Immigration Service<\/h2>\t\t<\/div>\n\t\t\t\t<\/div>\n\t\t\t\t\t<\/div>\n\t\t\t\t<\/div>\n\t\t<div class=\"elementor-element elementor-element-b294e83 e-flex e-con-boxed e-con e-parent\" data-id=\"b294e83\" data-element_type=\"container\" data-settings=\"{&quot;background_background&quot;:&quot;classic&quot;}\">\n\t\t\t\t\t<div class=\"e-con-inner\">\n\t\t<div class=\"elementor-element elementor-element-1dd12ba e-con-full e-flex e-con e-child\" data-id=\"1dd12ba\" data-element_type=\"container\">\n\t\t\t\t<div class=\"elementor-element elementor-element-3613f5b elementor-widget elementor-widget-heading\" data-id=\"3613f5b\" data-element_type=\"widget\" data-widget_type=\"heading.default\">\n\t\t\t\t<div class=\"elementor-widget-container\">\n\t\t\t<h2 class=\"elementor-heading-title elementor-size-default\">Residency and Citizenship by Investment Services<\/h2>\t\t<\/div>\n\t\t\t\t<\/div>\n\t\t\t\t<div class=\"elementor-element elementor-element-b0d67c7 elementor-widget elementor-widget-text-editor\" data-id=\"b0d67c7\" data-element_type=\"widget\" data-widget_type=\"text-editor.default\">\n\t\t\t\t<div class=\"elementor-widget-container\">\n\t\t\t\t\t\t\t<p>Residency and Citizenship by Investment programs provide individuals and their families with a unique opportunity to secure residency or citizenship in a select number of countries through financial investment. These programs are designed for high-net-worth individuals seeking to diversify their global footprint, gain access to premium lifestyle benefits, and ensure long-term security for their families.<\/p><p>By investing in real estate, business ventures, or government-approved funds, applicants can achieve the right to reside in or become citizens of countries such as the United States, Canada, several European nations, and the Caribbean, among others. These programs offer significant advantages, including visa-free travel, tax benefits, and access to world-class healthcare and education systems.<\/p>\t\t\t\t\t\t<\/div>\n\t\t\t\t<\/div>\n\t\t\t\t<div class=\"elementor-element elementor-element-807c332 elementor-align-center elementor-widget elementor-widget-button\" data-id=\"807c332\" data-element_type=\"widget\" data-widget_type=\"button.default\">\n\t\t\t\t<div class=\"elementor-widget-container\">\n\t\t\t\t\t\t\t<div class=\"elementor-button-wrapper\">\n\t\t\t\t\t<a class=\"elementor-button elementor-button-link elementor-size-sm\" href=\"https:\/\/mekong-prime.com\/en\/lien-he\/\">\n\t\t\t\t\t\t<span class=\"elementor-button-content-wrapper\">\n\t\t\t\t\t\t\t\t\t<span class=\"elementor-button-text\">Get advice<\/span>\n\t\t\t\t\t<\/span>\n\t\t\t\t\t<\/a>\n\t\t\t\t<\/div>\n\t\t\t\t\t\t<\/div>\n\t\t\t\t<\/div>\n\t\t\t\t<\/div>\n\t\t<div class=\"elementor-element elementor-element-20568d1 e-con-full e-flex e-con e-child\" data-id=\"20568d1\" data-element_type=\"container\">\n\t\t\t\t<div class=\"elementor-element elementor-element-9141e19 elementor-widget elementor-widget-image\" data-id=\"9141e19\" data-element_type=\"widget\" data-widget_type=\"image.default\">\n\t\t\t\t<div class=\"elementor-widget-container\">\n\t\t\t\t\t\t\t\t\t\t\t\t\t<img fetchpriority=\"high\" decoding=\"async\" width=\"2560\" height=\"1707\" src=\"https:\/\/mekong-prime.com\/wp-content\/uploads\/2024\/11\/chuong-trinh-di-tru-cua-Mekong-Prime-scaled.jpg\" class=\"attachment-full size-full wp-image-6167\" alt=\"\" srcset=\"https:\/\/mekong-prime.com\/wp-content\/uploads\/2024\/11\/chuong-trinh-di-tru-cua-Mekong-Prime-scaled.jpg 2560w, https:\/\/mekong-prime.com\/wp-content\/uploads\/2024\/11\/chuong-trinh-di-tru-cua-Mekong-Prime-300x200.jpg 300w, https:\/\/mekong-prime.com\/wp-content\/uploads\/2024\/11\/chuong-trinh-di-tru-cua-Mekong-Prime-1024x683.jpg 1024w, https:\/\/mekong-prime.com\/wp-content\/uploads\/2024\/11\/chuong-trinh-di-tru-cua-Mekong-Prime-768x512.jpg 768w, https:\/\/mekong-prime.com\/wp-content\/uploads\/2024\/11\/chuong-trinh-di-tru-cua-Mekong-Prime-1536x1024.jpg 1536w, https:\/\/mekong-prime.com\/wp-content\/uploads\/2024\/11\/chuong-trinh-di-tru-cua-Mekong-Prime-2048x1365.jpg 2048w, https:\/\/mekong-prime.com\/wp-content\/uploads\/2024\/11\/chuong-trinh-di-tru-cua-Mekong-Prime-18x12.jpg 18w\" sizes=\"(max-width: 2560px) 100vw, 2560px\" \/>\t\t\t\t\t\t\t\t\t\t\t\t\t<\/div>\n\t\t\t\t<\/div>\n\t\t\t\t<\/div>\n\t\t\t\t\t<\/div>\n\t\t\t\t<\/div>\n\t\t<div class=\"elementor-element elementor-element-85ec822 e-flex e-con-boxed e-con e-parent\" data-id=\"85ec822\" data-element_type=\"container\" data-settings=\"{&quot;background_background&quot;:&quot;classic&quot;}\">\n\t\t\t\t\t<div class=\"e-con-inner\">\n\t\t\t\t<div class=\"elementor-element elementor-element-6b1b09c elementor-widget elementor-widget-heading\" data-id=\"6b1b09c\" data-element_type=\"widget\" data-widget_type=\"heading.default\">\n\t\t\t\t<div class=\"elementor-widget-container\">\n\t\t\t<h2 class=\"elementor-heading-title elementor-size-default\">Key Benefits Include <\/h2>\t\t<\/div>\n\t\t\t\t<\/div>\n\t\t\t\t\t<\/div>\n\t\t\t\t<\/div>\n\t\t<div class=\"elementor-element elementor-element-8d428d7 e-flex e-con-boxed e-con e-parent\" data-id=\"8d428d7\" data-element_type=\"container\" data-settings=\"{&quot;background_background&quot;:&quot;classic&quot;}\">\n\t\t\t\t\t<div class=\"e-con-inner\">\n\t\t<div class=\"elementor-element elementor-element-874b697 e-con-full e-flex e-con e-child\" data-id=\"874b697\" data-element_type=\"container\">\n\t\t\t\t<div class=\"elementor-element elementor-element-9d7af76 elementor-widget__width-initial elementor-view-default elementor-position-top elementor-mobile-position-top elementor-widget elementor-widget-icon-box\" data-id=\"9d7af76\" data-element_type=\"widget\" data-widget_type=\"icon-box.default\">\n\t\t\t\t<div class=\"elementor-widget-container\">\n\t\t\t\t\t<div class=\"elementor-icon-box-wrapper\">\n\n\t\t\t\t\t\t<div class=\"elementor-icon-box-icon\">\n\t\t\t\t<span  class=\"elementor-icon elementor-animation-\">\n\t\t\t\t<i aria-hidden=\"true\" class=\"fas fa-globe\"><\/i>\t\t\t\t<\/span>\n\t\t\t<\/div>\n\t\t\t\n\t\t\t\t\t\t<div class=\"elementor-icon-box-content\">\n\n\t\t\t\t\t\t\t\t\t<h3 class=\"elementor-icon-box-title\">\n\t\t\t\t\t\t<span  >\n\t\t\t\t\t\t\tGlobal Mobility\t\t\t\t\t\t<\/span>\n\t\t\t\t\t<\/h3>\n\t\t\t\t\n\t\t\t\t\t\t\t\t\t<p class=\"elementor-icon-box-description\">\n\t\t\t\t\t\tEnjoy visa-free or visa-on-arrival access to numerous countries.\t\t\t\t\t<\/p>\n\t\t\t\t\n\t\t\t<\/div>\n\t\t\t\n\t\t<\/div>\n\t\t\t\t<\/div>\n\t\t\t\t<\/div>\n\t\t\t\t<\/div>\n\t\t<div class=\"elementor-element elementor-element-3a06a26 e-con-full e-flex e-con e-child\" data-id=\"3a06a26\" data-element_type=\"container\">\n\t\t\t\t<div class=\"elementor-element elementor-element-6f5fe79 elementor-widget__width-initial elementor-view-default elementor-position-top elementor-mobile-position-top elementor-widget elementor-widget-icon-box\" data-id=\"6f5fe79\" data-element_type=\"widget\" data-widget_type=\"icon-box.default\">\n\t\t\t\t<div class=\"elementor-widget-container\">\n\t\t\t\t\t<div class=\"elementor-icon-box-wrapper\">\n\n\t\t\t\t\t\t<div class=\"elementor-icon-box-icon\">\n\t\t\t\t<span  class=\"elementor-icon elementor-animation-\">\n\t\t\t\t<i aria-hidden=\"true\" class=\"fas fa-money-check-alt\"><\/i>\t\t\t\t<\/span>\n\t\t\t<\/div>\n\t\t\t\n\t\t\t\t\t\t<div class=\"elementor-icon-box-content\">\n\n\t\t\t\t\t\t\t\t\t<h3 class=\"elementor-icon-box-title\">\n\t\t\t\t\t\t<span  >\n\t\t\t\t\t\t\tFinancial Security\t\t\t\t\t\t<\/span>\n\t\t\t\t\t<\/h3>\n\t\t\t\t\n\t\t\t\t\t\t\t\t\t<p class=\"elementor-icon-box-description\">\n\t\t\t\t\t\tDiversify and secure your wealth through government-backed investment opportunities.\t\t\t\t\t<\/p>\n\t\t\t\t\n\t\t\t<\/div>\n\t\t\t\n\t\t<\/div>\n\t\t\t\t<\/div>\n\t\t\t\t<\/div>\n\t\t\t\t<\/div>\n\t\t<div class=\"elementor-element elementor-element-6a113ba e-con-full e-flex e-con e-child\" data-id=\"6a113ba\" data-element_type=\"container\">\n\t\t\t\t<div class=\"elementor-element elementor-element-031b8b6 elementor-widget__width-initial elementor-view-default elementor-position-top elementor-mobile-position-top elementor-widget elementor-widget-icon-box\" data-id=\"031b8b6\" data-element_type=\"widget\" data-widget_type=\"icon-box.default\">\n\t\t\t\t<div class=\"elementor-widget-container\">\n\t\t\t\t\t<div class=\"elementor-icon-box-wrapper\">\n\n\t\t\t\t\t\t<div class=\"elementor-icon-box-icon\">\n\t\t\t\t<span  class=\"elementor-icon elementor-animation-\">\n\t\t\t\t<i aria-hidden=\"true\" class=\"fas fa-server\"><\/i>\t\t\t\t<\/span>\n\t\t\t<\/div>\n\t\t\t\n\t\t\t\t\t\t<div class=\"elementor-icon-box-content\">\n\n\t\t\t\t\t\t\t\t\t<h3 class=\"elementor-icon-box-title\">\n\t\t\t\t\t\t<span  >\n\t\t\t\t\t\t\tAccess to High-Quality Services\t\t\t\t\t\t<\/span>\n\t\t\t\t\t<\/h3>\n\t\t\t\t\n\t\t\t\t\t\t\t\t\t<p class=\"elementor-icon-box-description\">\n\t\t\t\t\t\tBenefit from excellent healthcare, education, and lifestyle options in top global destinations.\t\t\t\t\t<\/p>\n\t\t\t\t\n\t\t\t<\/div>\n\t\t\t\n\t\t<\/div>\n\t\t\t\t<\/div>\n\t\t\t\t<\/div>\n\t\t\t\t<\/div>\n\t\t<div class=\"elementor-element elementor-element-54060c0 e-con-full e-flex e-con e-child\" data-id=\"54060c0\" data-element_type=\"container\">\n\t\t\t\t<div class=\"elementor-element elementor-element-dc62a66 elementor-widget__width-initial elementor-view-default elementor-position-top elementor-mobile-position-top elementor-widget elementor-widget-icon-box\" data-id=\"dc62a66\" data-element_type=\"widget\" data-widget_type=\"icon-box.default\">\n\t\t\t\t<div class=\"elementor-widget-container\">\n\t\t\t\t\t<div class=\"elementor-icon-box-wrapper\">\n\n\t\t\t\t\t\t<div class=\"elementor-icon-box-icon\">\n\t\t\t\t<span  class=\"elementor-icon elementor-animation-\">\n\t\t\t\t<i aria-hidden=\"true\" class=\"fas fa-house-user\"><\/i>\t\t\t\t<\/span>\n\t\t\t<\/div>\n\t\t\t\n\t\t\t\t\t\t<div class=\"elementor-icon-box-content\">\n\n\t\t\t\t\t\t\t\t\t<h3 class=\"elementor-icon-box-title\">\n\t\t\t\t\t\t<span  >\n\t\t\t\t\t\t\tFamily Benefits\t\t\t\t\t\t<\/span>\n\t\t\t\t\t<\/h3>\n\t\t\t\t\n\t\t\t\t\t\t\t\t\t<p class=\"elementor-icon-box-description\">\n\t\t\t\t\t\tProvide long-term stability and opportunities for your loved ones through citizenship or residency.\t\t\t\t\t<\/p>\n\t\t\t\t\n\t\t\t<\/div>\n\t\t\t\n\t\t<\/div>\n\t\t\t\t<\/div>\n\t\t\t\t<\/div>\n\t\t\t\t<\/div>\n\t\t\t\t\t<\/div>\n\t\t\t\t<\/div>\n\t\t<div class=\"elementor-element elementor-element-ccfae43 e-flex e-con-boxed e-con e-parent\" data-id=\"ccfae43\" data-element_type=\"container\" data-settings=\"{&quot;background_background&quot;:&quot;classic&quot;}\">\n\t\t\t\t\t<div class=\"e-con-inner\">\n\t\t\t\t<div class=\"elementor-element elementor-element-f6f5527 elementor-widget elementor-widget-text-editor\" data-id=\"f6f5527\" data-element_type=\"widget\" data-widget_type=\"text-editor.default\">\n\t\t\t\t<div class=\"elementor-widget-container\">\n\t\t\t\t\t\t\t<p><strong>At Mekong Prime, we specialize in helping clients navigate the complexities of these programs. Our expert team offers personalized guidance, ensuring you make informed decisions that align with your goals for global mobility and financial growth. We are committed to supporting you every step of the way in achieving your residency or citizenship goals.<\/strong><\/p>\t\t\t\t\t\t<\/div>\n\t\t\t\t<\/div>\n\t\t\t\t<div class=\"elementor-element elementor-element-9e086a3 elementor-widget-divider--view-line elementor-widget elementor-widget-divider\" data-id=\"9e086a3\" data-element_type=\"widget\" data-widget_type=\"divider.default\">\n\t\t\t\t<div class=\"elementor-widget-container\">\n\t\t\t\t\t<div class=\"elementor-divider\">\n\t\t\t<span class=\"elementor-divider-separator\">\n\t\t\t\t\t\t<\/span>\n\t\t<\/div>\n\t\t\t\t<\/div>\n\t\t\t\t<\/div>\n\t\t\t\t\t<\/div>\n\t\t\t\t<\/div>\n\t\t<div class=\"elementor-element elementor-element-7004db5 e-flex e-con-boxed e-con e-parent\" data-id=\"7004db5\" data-element_type=\"container\" data-settings=\"{&quot;background_background&quot;:&quot;classic&quot;}\">\n\t\t\t\t\t<div class=\"e-con-inner\">\n\t\t\t\t<div class=\"elementor-element elementor-element-e05ce2a elementor-widget elementor-widget-heading\" data-id=\"e05ce2a\" data-element_type=\"widget\" data-widget_type=\"heading.default\">\n\t\t\t\t<div class=\"elementor-widget-container\">\n\t\t\t<h2 class=\"elementor-heading-title elementor-size-default\">Our Immigration Services<\/h2>\t\t<\/div>\n\t\t\t\t<\/div>\n\t\t\t\t\t<\/div>\n\t\t\t\t<\/div>\n\t\t<div class=\"elementor-element elementor-element-56200cf e-flex e-con-boxed e-con e-parent\" data-id=\"56200cf\" data-element_type=\"container\" data-settings=\"{&quot;background_background&quot;:&quot;classic&quot;}\">\n\t\t\t\t\t<div class=\"e-con-inner\">\n\t\t<div class=\"elementor-element elementor-element-b001842 e-con-full e-flex e-con e-child\" data-id=\"b001842\" data-element_type=\"container\">\n\t\t\t\t<div class=\"elementor-element elementor-element-c9d7b03 elementor-widget elementor-widget-image\" data-id=\"c9d7b03\" data-element_type=\"widget\" data-widget_type=\"image.default\">\n\t\t\t\t<div class=\"elementor-widget-container\">\n\t\t\t\t\t\t\t\t\t\t\t\t\t\t<a href=\"https:\/\/mekong-prime.com\/en\/eb-5\/\">\n\t\t\t\t\t\t\t<img decoding=\"async\" width=\"800\" height=\"535\" src=\"https:\/\/mekong-prime.com\/wp-content\/uploads\/2024\/11\/EB-5-Visa.jpeg\" class=\"elementor-animation-grow attachment-large size-large wp-image-5459\" alt=\"\" srcset=\"https:\/\/mekong-prime.com\/wp-content\/uploads\/2024\/11\/EB-5-Visa.jpeg 800w, https:\/\/mekong-prime.com\/wp-content\/uploads\/2024\/11\/EB-5-Visa-300x201.jpeg 300w, https:\/\/mekong-prime.com\/wp-content\/uploads\/2024\/11\/EB-5-Visa-768x514.jpeg 768w, https:\/\/mekong-prime.com\/wp-content\/uploads\/2024\/11\/EB-5-Visa-600x401.jpeg 600w\" sizes=\"(max-width: 800px) 100vw, 800px\" \/>\t\t\t\t\t\t\t\t<\/a>\n\t\t\t\t\t\t\t\t\t\t\t\t\t<\/div>\n\t\t\t\t<\/div>\n\t\t\t\t<div class=\"elementor-element elementor-element-5f6849b elementor-widget elementor-widget-heading\" data-id=\"5f6849b\" data-element_type=\"widget\" data-widget_type=\"heading.default\">\n\t\t\t\t<div class=\"elementor-widget-container\">\n\t\t\t<h2 class=\"elementor-heading-title elementor-size-default\">EB5 Program \u2013 US Immigration Investment<\/h2>\t\t<\/div>\n\t\t\t\t<\/div>\n\t\t\t\t<\/div>\n\t\t<div class=\"elementor-element elementor-element-fd18f9d e-con-full e-flex e-con e-child\" data-id=\"fd18f9d\" data-element_type=\"container\">\n\t\t\t\t<div class=\"elementor-element elementor-element-fe55f41 elementor-widget elementor-widget-image\" data-id=\"fe55f41\" data-element_type=\"widget\" data-widget_type=\"image.default\">\n\t\t\t\t<div class=\"elementor-widget-container\">\n\t\t\t\t\t\t\t\t\t\t\t\t\t\t<a href=\"https:\/\/mekong-prime.com\/en\/di-tru\/eb-3\/\">\n\t\t\t\t\t\t\t<img decoding=\"async\" width=\"720\" height=\"510\" src=\"https:\/\/mekong-prime.com\/wp-content\/uploads\/2024\/11\/du-hoc-tan-con-duong-vang-eb-3.jpg\" class=\"elementor-animation-grow attachment-large size-large wp-image-5458\" alt=\"\" srcset=\"https:\/\/mekong-prime.com\/wp-content\/uploads\/2024\/11\/du-hoc-tan-con-duong-vang-eb-3.jpg 720w, https:\/\/mekong-prime.com\/wp-content\/uploads\/2024\/11\/du-hoc-tan-con-duong-vang-eb-3-300x213.jpg 300w, https:\/\/mekong-prime.com\/wp-content\/uploads\/2024\/11\/du-hoc-tan-con-duong-vang-eb-3-600x425.jpg 600w\" sizes=\"(max-width: 720px) 100vw, 720px\" \/>\t\t\t\t\t\t\t\t<\/a>\n\t\t\t\t\t\t\t\t\t\t\t\t\t<\/div>\n\t\t\t\t<\/div>\n\t\t\t\t<div class=\"elementor-element elementor-element-e6d5fdc elementor-widget elementor-widget-heading\" data-id=\"e6d5fdc\" data-element_type=\"widget\" data-widget_type=\"heading.default\">\n\t\t\t\t<div class=\"elementor-widget-container\">\n\t\t\t<h2 class=\"elementor-heading-title elementor-size-default\">EB3 Program <\/h2>\t\t<\/div>\n\t\t\t\t<\/div>\n\t\t\t\t<\/div>\n\t\t<div class=\"elementor-element elementor-element-a0a382c e-con-full e-flex e-con e-child\" data-id=\"a0a382c\" data-element_type=\"container\">\n\t\t\t\t<div class=\"elementor-element elementor-element-33064c9 elementor-widget elementor-widget-image\" data-id=\"33064c9\" data-element_type=\"widget\" data-widget_type=\"image.default\">\n\t\t\t\t<div class=\"elementor-widget-container\">\n\t\t\t\t\t\t\t\t\t\t\t\t\t\t<a href=\"https:\/\/mekong-prime.com\/en\/di-tru\/cbi\/\">\n\t\t\t\t\t\t\t<img loading=\"lazy\" decoding=\"async\" width=\"690\" height=\"376\" src=\"https:\/\/mekong-prime.com\/wp-content\/uploads\/2024\/12\/Caribbean-programs-photo.jpg\" class=\"elementor-animation-grow attachment-full size-full wp-image-6397\" alt=\"\" srcset=\"https:\/\/mekong-prime.com\/wp-content\/uploads\/2024\/12\/Caribbean-programs-photo.jpg 690w, https:\/\/mekong-prime.com\/wp-content\/uploads\/2024\/12\/Caribbean-programs-photo-300x163.jpg 300w, https:\/\/mekong-prime.com\/wp-content\/uploads\/2024\/12\/Caribbean-programs-photo-18x10.jpg 18w\" sizes=\"(max-width: 690px) 100vw, 690px\" \/>\t\t\t\t\t\t\t\t<\/a>\n\t\t\t\t\t\t\t\t\t\t\t\t\t<\/div>\n\t\t\t\t<\/div>\n\t\t\t\t<div class=\"elementor-element elementor-element-496e447 elementor-widget elementor-widget-heading\" data-id=\"496e447\" data-element_type=\"widget\" data-widget_type=\"heading.default\">\n\t\t\t\t<div class=\"elementor-widget-container\">\n\t\t\t<h2 class=\"elementor-heading-title elementor-size-default\">Caribbean Citizenship by Investment Program<\/h2>\t\t<\/div>\n\t\t\t\t<\/div>\n\t\t\t\t<\/div>\n\t\t<div class=\"elementor-element elementor-element-a98fa52 e-con-full e-flex e-con e-child\" data-id=\"a98fa52\" data-element_type=\"container\">\n\t\t\t\t<div class=\"elementor-element elementor-element-e305c4f elementor-widget elementor-widget-image\" data-id=\"e305c4f\" data-element_type=\"widget\" data-widget_type=\"image.default\">\n\t\t\t\t<div class=\"elementor-widget-container\">\n\t\t\t\t\t\t\t\t\t\t\t\t\t\t<a href=\"https:\/\/mekong-prime.com\/en\/di-tru\/latvia\/\">\n\t\t\t\t\t\t\t<img loading=\"lazy\" decoding=\"async\" width=\"1000\" height=\"688\" src=\"https:\/\/mekong-prime.com\/wp-content\/uploads\/2024\/12\/Latvia-passport-e1540575552307.jpg\" class=\"elementor-animation-grow attachment-full size-full wp-image-6300\" alt=\"\" srcset=\"https:\/\/mekong-prime.com\/wp-content\/uploads\/2024\/12\/Latvia-passport-e1540575552307.jpg 1000w, https:\/\/mekong-prime.com\/wp-content\/uploads\/2024\/12\/Latvia-passport-e1540575552307-300x206.jpg 300w, https:\/\/mekong-prime.com\/wp-content\/uploads\/2024\/12\/Latvia-passport-e1540575552307-768x528.jpg 768w, https:\/\/mekong-prime.com\/wp-content\/uploads\/2024\/12\/Latvia-passport-e1540575552307-18x12.jpg 18w\" sizes=\"(max-width: 1000px) 100vw, 1000px\" \/>\t\t\t\t\t\t\t\t<\/a>\n\t\t\t\t\t\t\t\t\t\t\t\t\t<\/div>\n\t\t\t\t<\/div>\n\t\t\t\t<div class=\"elementor-element elementor-element-32137ef elementor-widget elementor-widget-heading\" data-id=\"32137ef\" data-element_type=\"widget\" data-widget_type=\"heading.default\">\n\t\t\t\t<div class=\"elementor-widget-container\">\n\t\t\t<h2 class=\"elementor-heading-title elementor-size-default\">Latvia Investment Program\n<\/h2>\t\t<\/div>\n\t\t\t\t<\/div>\n\t\t\t\t<\/div>\n\t\t\t\t\t<\/div>\n\t\t\t\t<\/div>\n\t\t\t\t<\/div>","protected":false},"excerpt":{"rendered":"<p>D\u1ecbch V\u1ee5 Di Tr\u00fa Ch\u01b0\u01a1ng Tr\u00ecnh Di Tr\u00fa c\u1ee7a Mekong Prime Ch\u01b0\u01a1ng tr\u00ecnh \u0110\u1ea7u t\u01b0 \u0111\u1ecbnh c\u01b0 cung c\u1ea5p cho c\u00e1c c\u00e1 nh\u00e2n v\u00e0 gia \u0111\u00ecnh m\u1ed9t c\u01a1 h\u1ed9i \u0111\u1eb7c bi\u1ec7t \u0111\u1ec3 \u0111\u1ea3m b\u1ea3o quy\u1ec1n c\u01b0 tr\u00fa ho\u1eb7c qu\u1ed1c t\u1ecbch t\u1ea1i m\u1ed9t s\u1ed1 qu\u1ed1c gia nh\u1ea5t \u0111\u1ecbnh th\u00f4ng qua c\u00e1c kho\u1ea3n \u0111\u1ea7u t\u01b0 t\u00e0i ch\u00ednh. [&hellip;]<\/p>","protected":false},"author":25,"featured_media":0,"parent":0,"menu_order":0,"comment_status":"closed","ping_status":"closed","template":"","meta":{"footnotes":""},"class_list":["post-5077","page","type-page","status-publish","hentry"],"_links":{"self":[{"href":"https:\/\/mekong-prime.com\/en\/wp-json\/wp\/v2\/pages\/5077","targetHints":{"allow":["GET"]}}],"collection":[{"href":"https:\/\/mekong-prime.com\/en\/wp-json\/wp\/v2\/pages"}],"about":[{"href":"https:\/\/mekong-prime.com\/en\/wp-json\/wp\/v2\/types\/page"}],"author":[{"embeddable":true,"href":"https:\/\/mekong-prime.com\/en\/wp-json\/wp\/v2\/users\/25"}],"replies":[{"embeddable":true,"href":"https:\/\/mekong-prime.com\/en\/wp-json\/wp\/v2\/comments?post=5077"}],"version-history":[{"count":122,"href":"https:\/\/mekong-prime.com\/en\/wp-json\/wp\/v2\/pages\/5077\/revisions"}],"predecessor-version":[{"id":6403,"href":"https:\/\/mekong-prime.com\/en\/wp-json\/wp\/v2\/pages\/5077\/revisions\/6403"}],"wp:attachment":[{"href":"https:\/\/mekong-prime.com\/en\/wp-json\/wp\/v2\/media?parent=5077"}],"curies":[{"name":"wp","href":"https:\/\/api.w.org\/{rel}","templated":true}]}}