{"id":5262,"date":"2024-11-06T12:12:47","date_gmt":"2024-11-06T05:12:47","guid":{"rendered":"https:\/\/mekong-prime.com\/?page_id=5262"},"modified":"2024-12-22T01:16:02","modified_gmt":"2024-12-21T18:16:02","slug":"lien-he","status":"publish","type":"page","link":"https:\/\/mekong-prime.com\/en\/lien-he\/","title":{"rendered":"Contact"},"content":{"rendered":"<div data-elementor-type=\"wp-page\" data-elementor-id=\"5262\" class=\"elementor elementor-5262\" data-elementor-post-type=\"page\">\n\t\t\t\t<div class=\"elementor-element elementor-element-4896015 e-flex e-con-boxed e-con e-parent\" data-id=\"4896015\" data-element_type=\"container\" data-settings=\"{&quot;background_background&quot;:&quot;classic&quot;}\">\n\t\t\t\t\t<div class=\"e-con-inner\">\n\t\t\t\t<div class=\"elementor-element elementor-element-da2f228 elementor-widget elementor-widget-heading\" data-id=\"da2f228\" data-element_type=\"widget\" data-widget_type=\"heading.default\">\n\t\t\t\t<div class=\"elementor-widget-container\">\n\t\t\t<h2 class=\"elementor-heading-title elementor-size-default\">Li\u00ean h\u1ec7 v\u1edbi ch\u00fang t\u00f4i ngay h\u00f4m nay \u0111\u1ec3 \u0111\u01b0\u1ee3c t\u01b0 v\u1ea5n v\u00e0 th\u00e2\u0309m \u0111i\u0323nh h\u00f4\u0300 s\u01a1 mi\u1ec5n ph\u00ed!<\/h2>\t\t<\/div>\n\t\t\t\t<\/div>\n\t\t\t\t\t<\/div>\n\t\t\t\t<\/div>\n\t\t<div class=\"elementor-element elementor-element-0e7cbc2 e-flex e-con-boxed e-con e-parent\" data-id=\"0e7cbc2\" data-element_type=\"container\" data-settings=\"{&quot;background_background&quot;:&quot;classic&quot;}\">\n\t\t\t\t\t<div class=\"e-con-inner\">\n\t\t\t\t<div class=\"elementor-element elementor-element-b856ef5 elementor-widget__width-initial elementor-widget elementor-widget-shortcode\" data-id=\"b856ef5\" data-element_type=\"widget\" data-widget_type=\"shortcode.default\">\n\t\t\t\t<div class=\"elementor-widget-container\">\n\t\t\t\t\t<div class=\"elementor-shortcode\">\n<div class=\"wpcf7 no-js\" id=\"wpcf7-f5388-o1\" lang=\"vi\" dir=\"ltr\" data-wpcf7-id=\"5388\">\n<div class=\"screen-reader-response\"><p role=\"status\" aria-live=\"polite\" aria-atomic=\"true\"><\/p> <ul><\/ul><\/div>\n<form action=\"\/wp-json\/wp\/v2\/pages\/5262\" method=\"post\" class=\"wpcf7-form init\" aria-label=\"Form li\u00ean h\u1ec7\" novalidate=\"novalidate\" data-status=\"init\" data-trp-original-action=\"\/en\/wp-json\/wp\/v2\/pages\/5262#wpcf7-f5388-o1\">\n<div style=\"display: none;\">\n<input type=\"hidden\" name=\"_wpcf7\" value=\"5388\" \/>\n<input type=\"hidden\" name=\"_wpcf7_version\" value=\"6.0\" \/>\n<input type=\"hidden\" name=\"_wpcf7_locale\" value=\"vi\" \/>\n<input type=\"hidden\" name=\"_wpcf7_unit_tag\" value=\"wpcf7-f5388-o1\" \/>\n<input type=\"hidden\" name=\"_wpcf7_container_post\" value=\"0\" \/>\n<input type=\"hidden\" name=\"_wpcf7_posted_data_hash\" value=\"\" \/>\n<\/div>\n<div class=\"form-container\">\n\t<div class=\"form-group\">\n\t\t<p><label for=\"your-name\">Full Name<\/label><br \/>\n<span class=\"wpcf7-form-control-wrap\" data-name=\"your-name\"><input size=\"40\" maxlength=\"400\" class=\"wpcf7-form-control wpcf7-text wpcf7-validates-as-required\" id=\"your-name\" autocomplete=\"name\" aria-required=\"true\" aria-invalid=\"false\" placeholder=\"Full Name\" value=\"\" type=\"text\" name=\"your-name\" \/><\/span>\n\t\t<\/p>\n\t<\/div>\n\t<div class=\"form-group\">\n\t\t<p><label for=\"tel-694\">Phone Number<\/label><br \/>\n<span class=\"wpcf7-form-control-wrap\" data-name=\"tel-694\"><input size=\"40\" maxlength=\"400\" class=\"wpcf7-form-control wpcf7-tel wpcf7-validates-as-required wpcf7-text wpcf7-validates-as-tel\" id=\"tel-694\" aria-required=\"true\" aria-invalid=\"false\" placeholder=\"Phone Number\" value=\"\" type=\"tel\" name=\"tel-694\" \/><\/span>\n\t\t<\/p>\n\t<\/div>\n\t<div class=\"form-group\">\n\t\t<p><label for=\"your-email\">Email Address<\/label><br \/>\n<span class=\"wpcf7-form-control-wrap\" data-name=\"your-email\"><input size=\"40\" maxlength=\"400\" class=\"wpcf7-form-control wpcf7-email wpcf7-validates-as-required wpcf7-text wpcf7-validates-as-email\" id=\"your-email\" autocomplete=\"email\" aria-required=\"true\" aria-invalid=\"false\" placeholder=\"Email Address\" value=\"\" type=\"email\" name=\"your-email\" \/><\/span>\n\t\t<\/p>\n\t<\/div>\n\t<div class=\"form-group\">\n\t\t<p><label for=\"select-942\">Which program do you want to choose?<\/label><br \/>\n<span class=\"wpcf7-form-control-wrap\" data-name=\"select-942\"><select class=\"wpcf7-form-control wpcf7-select wpcf7-validates-as-required\" id=\"select-942\" aria-required=\"true\" aria-invalid=\"false\" name=\"select-942\"><option value=\"\">Which program do you want to choose?<\/option><option value=\"\u0110\u1ecbnh C\u01b0\">Immigration<\/option><option value=\"Du H\u1ecdc\">Study Abroad<\/option><option value=\"Vi\u1ec7c L\u00e0m\">Work<\/option><option value=\"Recruitment\">Recruitment<\/option><\/select><\/span>\n\t\t<\/p>\n\t<\/div>\n\t<div class=\"form-group\">\n\t\t<p><label for=\"select-985\">Residence<\/label><br \/>\n<span class=\"wpcf7-form-control-wrap\" data-name=\"select-985\"><select class=\"wpcf7-form-control wpcf7-select\" id=\"select-985\" aria-invalid=\"false\" name=\"select-985\"><option value=\"\">Residence<\/option><option value=\"H\u00e0 N\u1ed9i\">H\u00e0 N\u1ed9i<\/option><option value=\"H\u1ea3i Ph\u00f2ng\">H\u1ea3i Ph\u00f2ng<\/option><option value=\"H\u1ea3i D\u01b0\u01a1ng\">H\u1ea3i D\u01b0\u01a1ng<\/option><option value=\"H\u01b0ng Y\u00ean\">H\u01b0ng Y\u00ean<\/option><option value=\"B\u1eafc Ninh\">B\u1eafc Ninh<\/option><option value=\"H\u00e0 Nam\">H\u00e0 Nam<\/option><option value=\"Nam \u0110\u1ecbnh\">Nam \u0110\u1ecbnh<\/option><option value=\"Th\u00e1i B\u00ecnh\">Th\u00e1i B\u00ecnh<\/option><option value=\"Ninh B\u00ecnh\">Ninh B\u00ecnh<\/option><option value=\"V\u0129nh Ph\u00fac\">V\u0129nh Ph\u00fac<\/option><option value=\"Qu\u1ea3ng Ninh\">Qu\u1ea3ng Ninh<\/option><option value=\"L\u00e0o Cai\">L\u00e0o Cai<\/option><option value=\"Y\u00ean B\u00e1i\">Y\u00ean B\u00e1i<\/option><option value=\"Ph\u00fa Th\u1ecd\">Ph\u00fa Th\u1ecd<\/option><option value=\"H\u00e0 Giang\">H\u00e0 Giang<\/option><option value=\"Tuy\u00ean Quang\">Tuy\u00ean Quang<\/option><option value=\"Cao B\u1eb1ng\">Cao B\u1eb1ng<\/option><option value=\"B\u1eafc K\u1ea1n\">B\u1eafc K\u1ea1n<\/option><option value=\"Th\u00e1i Nguy\u00ean\">Th\u00e1i Nguy\u00ean<\/option><option value=\"L\u1ea1ng S\u01a1n\">L\u1ea1ng S\u01a1n<\/option><option value=\"B\u1eafc Giang\">B\u1eafc Giang<\/option><option value=\"S\u01a1n La\">S\u01a1n La<\/option><option value=\"\u0110i\u1ec7n Bi\u00ean\">\u0110i\u1ec7n Bi\u00ean<\/option><option value=\"Lai Ch\u00e2u\">Lai Ch\u00e2u<\/option><option value=\"H\u00f2a B\u00ecnh\">H\u00f2a B\u00ecnh<\/option><option value=\"Thanh H\u00f3a\">Thanh H\u00f3a<\/option><option value=\"Ngh\u1ec7 An\">Ngh\u1ec7 An<\/option><option value=\"H\u00e0 T\u0129nh\">H\u00e0 T\u0129nh<\/option><option value=\"Qu\u1ea3ng B\u00ecnh\">Qu\u1ea3ng B\u00ecnh<\/option><option value=\"Qu\u1ea3ng Tr\u1ecb\">Qu\u1ea3ng Tr\u1ecb<\/option><option value=\"Th\u1eeba Thi\u00ean Hu\u1ebf\">Th\u1eeba Thi\u00ean Hu\u1ebf<\/option><option value=\"\u0110\u00e0 N\u1eb5ng\">\u0110\u00e0 N\u1eb5ng<\/option><option value=\"Qu\u1ea3ng Nam\">Qu\u1ea3ng Nam<\/option><option value=\"Qu\u1ea3ng Ng\u00e3i\">Qu\u1ea3ng Ng\u00e3i<\/option><option value=\"B\u00ecnh \u0110\u1ecbnh\">B\u00ecnh \u0110\u1ecbnh<\/option><option value=\"Ph\u00fa Y\u00ean\">Ph\u00fa Y\u00ean<\/option><option value=\"Kh\u00e1nh H\u00f2a\">Kh\u00e1nh H\u00f2a<\/option><option value=\"Ninh Thu\u1eadn\">Ninh Thu\u1eadn<\/option><option value=\"B\u00ecnh Thu\u1eadn\">B\u00ecnh Thu\u1eadn<\/option><option value=\"Kon Tum\">Kon Tum<\/option><option value=\"Gia Lai\">Gia Lai<\/option><option value=\"\u0110\u1eafk L\u1eafk\">\u0110\u1eafk L\u1eafk<\/option><option value=\"\u0110\u1eafk N\u00f4ng\">\u0110\u1eafk N\u00f4ng<\/option><option value=\"L\u00e2m \u0110\u1ed3ng\">L\u00e2m \u0110\u1ed3ng<\/option><option value=\"TP. H\u1ed3 Ch\u00ed Minh\">TP. H\u1ed3 Ch\u00ed Minh<\/option><option value=\"B\u00ecnh D\u01b0\u01a1ng\">B\u00ecnh D\u01b0\u01a1ng<\/option><option value=\"\u0110\u1ed3ng Nai\">\u0110\u1ed3ng Nai<\/option><option value=\"T\u00e2y Ninh\">T\u00e2y Ninh<\/option><option value=\"B\u00ecnh Ph\u01b0\u1edbc\">B\u00ecnh Ph\u01b0\u1edbc<\/option><option value=\"B\u00e0 R\u1ecba - V\u0169ng T\u00e0u\">B\u00e0 R\u1ecba - V\u0169ng T\u00e0u<\/option><option value=\"C\u1ea7n Th\u01a1\">C\u1ea7n Th\u01a1<\/option><option value=\"Long An\">Long An<\/option><option value=\"Ti\u1ec1n Giang\">Ti\u1ec1n Giang<\/option><option value=\"B\u1ebfn Tre\">B\u1ebfn Tre<\/option><option value=\"Tr\u00e0 Vinh\">Tr\u00e0 Vinh<\/option><option value=\"V\u0129nh Long\">V\u0129nh Long<\/option><option value=\"\u0110\u1ed3ng Th\u00e1p\">\u0110\u1ed3ng Th\u00e1p<\/option><option value=\"An Giang\">An Giang<\/option><option value=\"Ki\u00ean Giang\">Ki\u00ean Giang<\/option><option value=\"H\u1eadu Giang\">H\u1eadu Giang<\/option><option value=\"S\u00f3c Tr\u0103ng\">S\u00f3c Tr\u0103ng<\/option><option value=\"B\u1ea1c Li\u00eau\">B\u1ea1c Li\u00eau<\/option><option value=\"C\u00e0 Mau\">C\u00e0 Mau<\/option><\/select><\/span>\n\t\t<\/p>\n\t<\/div>\n\t<div class=\"form-group\">\n\t\t<p><label for=\"your-message\">Question\/Content<\/label><br \/>\n<span class=\"wpcf7-form-control-wrap\" data-name=\"your-message\"><textarea cols=\"40\" rows=\"10\" maxlength=\"2000\" class=\"wpcf7-form-control wpcf7-textarea\" id=\"your-message\" aria-invalid=\"false\" placeholder=\"Question\/Content\" name=\"your-message\"><\/textarea><\/span>\n\t\t<\/p>\n\t<\/div>\n\t<div class=\"form-submit\">\n\t\t<p><input class=\"wpcf7-form-control wpcf7-submit has-spinner\" type=\"submit\" value=\"Send\" \/>\n\t\t<\/p>\n\t<\/div>\n<\/div><div class=\"wpcf7-response-output\" aria-hidden=\"true\"><\/div>\n<input type=\"hidden\" name=\"trp-form-language\" value=\"en\"\/><\/form>\n<\/div>\n<\/div>\n\t\t\t\t<\/div>\n\t\t\t\t<\/div>\n\t\t\t\t\t<\/div>\n\t\t\t\t<\/div>\n\t\t<div class=\"elementor-element elementor-element-d0b9baa e-con-full e-flex e-con e-parent\" data-id=\"d0b9baa\" data-element_type=\"container\" data-settings=\"{&quot;background_background&quot;:&quot;classic&quot;}\">\n\t\t<div class=\"elementor-element elementor-element-4450f69 e-con-full e-flex e-con e-child\" data-id=\"4450f69\" data-element_type=\"container\">\n\t\t\t\t<div class=\"elementor-element elementor-element-157c474 elementor-widget elementor-widget-heading\" data-id=\"157c474\" data-element_type=\"widget\" data-widget_type=\"heading.default\">\n\t\t\t\t<div class=\"elementor-widget-container\">\n\t\t\t<h2 class=\"elementor-heading-title elementor-size-default\">Contact Information<\/h2>\t\t<\/div>\n\t\t\t\t<\/div>\n\t\t\t\t<div class=\"elementor-element elementor-element-15b5b84 elementor-widget elementor-widget-text-editor\" data-id=\"15b5b84\" data-element_type=\"widget\" data-widget_type=\"text-editor.default\">\n\t\t\t\t<div class=\"elementor-widget-container\">\n\t\t\t\t\t\t\t<p>MEKONG PRIME COMPANY LIMITED<\/p><p>Address: Room 601, 6th Floor, Building No. 57 Le Thi Hong Gam, Nguyen Thai Binh Ward, District 1, Ho Chi Minh City, Vietnam.<\/p><p><span style=\"font-family: var( --e-global-typography-text-font-family ), Quicksand; font-size: var( --e-global-typography-text-font-size ); font-weight: var( --e-global-typography-text-font-weight ); text-align: var(--text-align);\">Email: info@mekong-prime.com<\/span><\/p><p><span style=\"font-family: var( --e-global-typography-text-font-family ), Quicksand; font-size: var( --e-global-typography-text-font-size ); font-weight: var( --e-global-typography-text-font-weight ); text-align: var(--text-align);\">Phone number: +84 96 777 32 66<\/span><\/p><div>\u00a0<\/div>\t\t\t\t\t\t<\/div>\n\t\t\t\t<\/div>\n\t\t\t\t<\/div>\n\t\t\t\t<div class=\"elementor-element elementor-element-e2ed8d2 elementor-widget elementor-widget-image\" data-id=\"e2ed8d2\" data-element_type=\"widget\" data-widget_type=\"image.default\">\n\t\t\t\t<div class=\"elementor-widget-container\">\n\t\t\t\t\t\t\t\t\t\t\t\t\t<img fetchpriority=\"high\" decoding=\"async\" width=\"2560\" height=\"1707\" src=\"https:\/\/mekong-prime.com\/wp-content\/uploads\/2024\/11\/contact-us-MP-scaled.jpg\" class=\"attachment-full size-full wp-image-6103\" alt=\"\" srcset=\"https:\/\/mekong-prime.com\/wp-content\/uploads\/2024\/11\/contact-us-MP-scaled.jpg 2560w, https:\/\/mekong-prime.com\/wp-content\/uploads\/2024\/11\/contact-us-MP-300x200.jpg 300w, https:\/\/mekong-prime.com\/wp-content\/uploads\/2024\/11\/contact-us-MP-1024x683.jpg 1024w, https:\/\/mekong-prime.com\/wp-content\/uploads\/2024\/11\/contact-us-MP-768x512.jpg 768w, https:\/\/mekong-prime.com\/wp-content\/uploads\/2024\/11\/contact-us-MP-1536x1024.jpg 1536w, https:\/\/mekong-prime.com\/wp-content\/uploads\/2024\/11\/contact-us-MP-2048x1365.jpg 2048w, https:\/\/mekong-prime.com\/wp-content\/uploads\/2024\/11\/contact-us-MP-18x12.jpg 18w\" sizes=\"(max-width: 2560px) 100vw, 2560px\" \/>\t\t\t\t\t\t\t\t\t\t\t\t\t<\/div>\n\t\t\t\t<\/div>\n\t\t\t\t<\/div>\n\t\t<div class=\"elementor-element elementor-element-5390d76 e-con-full e-flex e-con e-parent\" data-id=\"5390d76\" data-element_type=\"container\">\n\t\t\t\t<div class=\"elementor-element elementor-element-00cffc1 elementor-widget elementor-widget-google_maps\" data-id=\"00cffc1\" data-element_type=\"widget\" data-widget_type=\"google_maps.default\">\n\t\t\t\t<div class=\"elementor-widget-container\">\n\t\t\t\t\t<div class=\"elementor-custom-embed\">\n\t\t\t<iframe loading=\"lazy\"\n\t\t\t\t\tsrc=\"https:\/\/www.google.com\/maps\/embed\/v1\/place?key=AIzaSyDaOulQACiJzBfqumbsqg_-vKha8fCnL-s&#038;q=57%20Le%20Thi%20Hong%20Gam%2C%20Nguyen%20Thai%20Binh%20Ward%2C%20District%201%2C%20Ho%20Chi%20Minh%20City%2C%20Vietnam&#038;zoom=17\"\n\t\t\t\t\ttitle=\"57 Le Thi Hong Gam, Nguyen Thai Binh Ward, District 1, Ho Chi Minh City, Vietnam\"\n\t\t\t\t\taria-label=\"57 Le Thi Hong Gam, Nguyen Thai Binh Ward, District 1, Ho Chi Minh City, Vietnam\"\n\t\t\t><\/iframe>\n\t\t<\/div>\n\t\t\t\t<\/div>\n\t\t\t\t<\/div>\n\t\t\t\t<\/div>\n\t\t\t\t<\/div>","protected":false},"excerpt":{"rendered":"<p>Li\u00ean h\u1ec7 v\u1edbi ch\u00fang t\u00f4i ngay h\u00f4m nay \u0111\u1ec3 \u0111\u01b0\u1ee3c t\u01b0 v\u1ea5n v\u00e0 th\u00e2\u0309m \u0111i\u0323nh h\u00f4\u0300 s\u01a1 mi\u1ec5n ph\u00ed! Th\u00f4ng Tin Li\u00ean H\u1ec7 C\u00d4NG TY TNHH MEKONG PRIME \u0110\u1ecba ch\u1ec9: Ph\u00f2ng 601, T\u1ea7ng 6, T\u00f2a Nh\u00e0 S\u1ed1 57 L\u00ea Th\u1ecb H\u1ed3ng G\u1ea5m, Ph\u01b0\u1eddng Nguy\u1ec5n Th\u00e1i B\u00ecnh, Qu\u1eadn 1, Th\u00e0nh ph\u1ed1 H\u1ed3 Ch\u00ed Minh, Vi\u1ec7t Nam. [&hellip;]<\/p>","protected":false},"author":25,"featured_media":0,"parent":0,"menu_order":0,"comment_status":"closed","ping_status":"closed","template":"","meta":{"footnotes":""},"class_list":["post-5262","page","type-page","status-publish","hentry"],"_links":{"self":[{"href":"https:\/\/mekong-prime.com\/en\/wp-json\/wp\/v2\/pages\/5262","targetHints":{"allow":["GET"]}}],"collection":[{"href":"https:\/\/mekong-prime.com\/en\/wp-json\/wp\/v2\/pages"}],"about":[{"href":"https:\/\/mekong-prime.com\/en\/wp-json\/wp\/v2\/types\/page"}],"author":[{"embeddable":true,"href":"https:\/\/mekong-prime.com\/en\/wp-json\/wp\/v2\/users\/25"}],"replies":[{"embeddable":true,"href":"https:\/\/mekong-prime.com\/en\/wp-json\/wp\/v2\/comments?post=5262"}],"version-history":[{"count":64,"href":"https:\/\/mekong-prime.com\/en\/wp-json\/wp\/v2\/pages\/5262\/revisions"}],"predecessor-version":[{"id":6235,"href":"https:\/\/mekong-prime.com\/en\/wp-json\/wp\/v2\/pages\/5262\/revisions\/6235"}],"wp:attachment":[{"href":"https:\/\/mekong-prime.com\/en\/wp-json\/wp\/v2\/media?parent=5262"}],"curies":[{"name":"wp","href":"https:\/\/api.w.org\/{rel}","templated":true}]}}