{"id":6205,"date":"2024-11-25T00:33:23","date_gmt":"2024-11-24T17:33:23","guid":{"rendered":"https:\/\/mekong-prime.com\/?page_id=6205"},"modified":"2024-11-25T00:37:09","modified_gmt":"2024-11-24T17:37:09","slug":"dieu-khoan-va-dieu-kien","status":"publish","type":"page","link":"https:\/\/mekong-prime.com\/en\/dieu-khoan-va-dieu-kien\/","title":{"rendered":"\u0110i\u1ec1u Kho\u00e0n V\u00e0 \u0110i\u1ec1u Ki\u1ec7n"},"content":{"rendered":"<div data-elementor-type=\"wp-page\" data-elementor-id=\"6205\" class=\"elementor elementor-6205\" data-elementor-post-type=\"page\">\n\t\t\t\t<div class=\"elementor-element elementor-element-d50e39d e-flex e-con-boxed e-con e-parent\" data-id=\"d50e39d\" data-element_type=\"container\" data-settings=\"{&quot;background_background&quot;:&quot;classic&quot;}\">\n\t\t\t\t\t<div class=\"e-con-inner\">\n\t\t\t\t<div class=\"elementor-element elementor-element-fd64adc elementor-widget elementor-widget-heading\" data-id=\"fd64adc\" data-element_type=\"widget\" data-widget_type=\"heading.default\">\n\t\t\t\t<div class=\"elementor-widget-container\">\n\t\t\t<h2 class=\"elementor-heading-title elementor-size-default\">TERMS AND CONDITIONS<\/h2>\t\t<\/div>\n\t\t\t\t<\/div>\n\t\t\t\t\t<\/div>\n\t\t\t\t<\/div>\n\t\t<div class=\"elementor-element elementor-element-7cbc320 e-flex e-con-boxed e-con e-parent\" data-id=\"7cbc320\" data-element_type=\"container\" data-settings=\"{&quot;background_background&quot;:&quot;classic&quot;}\">\n\t\t\t\t\t<div class=\"e-con-inner\">\n\t\t\t\t<div class=\"elementor-element elementor-element-c71b344 elementor-widget elementor-widget-text-editor\" data-id=\"c71b344\" data-element_type=\"widget\" data-widget_type=\"text-editor.default\">\n\t\t\t\t<div class=\"elementor-widget-container\">\n\t\t\t\t\t\t\t<p><strong>TERMS AND CONDITIONS<\/strong><\/p><p class=\" translation-block\">Welcome to Mekong Prime (hereinafter the \u201cCompany\u201d, \u201cwe\u201d, \u201cour\u201d, \u201cus\u201d), we are a consultancy agency in Vietnam that offers Migration Services, Citizenship by Investment, Jobs and Studies Opportunities and Recruitment Solutions.\nThese Terms of Service (\u201cTerms\u201d, \u201cTerms of Service\u201d) govern your use of our web pages located at Mekong-prime.com (hereinafter the \u201dWebsite\u201d, \u201cSite\u201d) owned and operated by Mekong Prime.  \nOur Privacy Policy also governs your use of our Service and explains how we collect, safeguard, and disclose information that results from your use of our web pages. Please read it here Mekong-prime.com\/privacy-policy\/\nYour agreement with us includes these Terms and our Privacy Policy (\u201cAgreements\u201d). You acknowledge that you have read and understood Agreements and agree to be bound of them. If you do not agree with (or cannot comply with) Agreements, then you may not use the Service, but please let us know by emailing at info@mekong-prime.com so we can try to find a solution. These Terms apply to all visitors, customers and others who wish to access or use Service.<\/p><p>Thank you for being responsible!<\/p><h3><strong>Access and Use of the Site<\/strong><\/h3><p>You must only use the Site in accordance with these Terms and any applicable law.<br \/>You must not (or attempt to):<\/p><ul><li>interfere with or disrupt the Site or the servers or networks that host the site<\/li><li>use data mining, robots, screen scraping or similar data gathering and extraction tools on the Site or<\/li><li>Interfere with security-related or other features of the Site.<\/li><\/ul><p>We do not warrant that the Site will always be available and without disruption. We provide no warranties in relation to the content of any other website linked to or from our Site.<\/p><h3><strong>Information on this Site<\/strong><\/h3><p class=\" translation-block\">The Site and the content on the Site are subject to copyright, trademarks, and other intellectual property rights. These rights are owned by or licensed to Mekong Prime.\nYou must not reproduce, transmit, communicate, adapt, distribute, sell, modify or publish or otherwise use any of the material on the Site, except as permitted by statute or with our prior written consent.<\/p><h3><strong>Prohibited Uses<\/strong><\/h3><p class=\" translation-block\">You may use Service only for lawful purposes and in accordance with Terms.\nYou agree not to use Service:<\/p><ul><li>In any way that violates any applicable national or international law or regulation.<\/li><li>For the purpose of exploiting, harming, or attempting to exploit or harm minors in any way by exposing them to inappropriate content or otherwise.<\/li><li>To transmit, or procure the sending of, any advertising or promotional material, including any \u201cjunk mail\u201d, \u201cchain letter,\u201d \u201cspam,\u201d or any other similar solicitation.<\/li><li>To impersonate or attempt to impersonate Company, a Company employee, another user, or any other person or entity.<\/li><li>In any way that infringes upon the rights of others, or in any way is illegal, threatening, fraudulent, or harmful, or in connection with any unlawful, illegal, fraudulent, or harmful purpose or activity.<\/li><\/ul><h3><strong>Intellectual Property<\/strong><\/h3><p class=\" translation-block\">The Services and original content (excluding content provided by users) belong to Mekong Prime and its licensors.<br>This content is protected by copyright, trademark, and other laws in the United Arab Emirates.<\/p><h3><strong>Copyright Policy<\/strong><\/h3><p>We respect the intellectual property rights of others. If you believe that content on the Site infringes your copyright, please contact us by email <a rel=\"noopener\">info@mekong-prime.com<\/a>.<\/p><h3><strong>Links to Other Web Sites<\/strong><\/h3><p>Our Service may contain links to third party web sites or services that are not owned or controlled by Mekong Prime. We have no control over, and assumes no responsibility for the content, privacy policies, or practices of any third-party web sites or services.<\/p><h3><strong>Disclaimer of Warranty<\/strong><\/h3><p>These services are provided by company on an \u201cas is\u201d and \u201cas available\u201d basis. Company makes no representations or warranties of any kind, express or implied, as to the operation of their services, or the information, content or materials included therein. You expressly agree that your use of these services, their content, and any services or items obtained from us is at your sole risk.<\/p><h3><strong>Limitation of Liability<\/strong><\/h3><p>We are not liable for indirect, special or incidental damages resulting from the use of the Service.<\/p><h3><strong>Termination<\/strong><\/h3><p>You may terminate your use of the Service at any time. If you violate the Terms, we reserve the right to terminate your access without notice.<\/p><h3><strong>Governing Law<\/strong><\/h3><p>These Terms shall be governed and construed in accordance with laws of the United Arab Emirates without regard to its conflict of law provisions.<\/p><h3><strong>Contact Us<\/strong><\/h3><p>If you have any questions about the Terms and Conditions, please contact us by email <a rel=\"noopener\">info@mekong-prime.com<\/a> or phone number +84 34 443 9699.<\/p>\t\t\t\t\t\t<\/div>\n\t\t\t\t<\/div>\n\t\t\t\t\t<\/div>\n\t\t\t\t<\/div>\n\t\t\t\t<\/div>","protected":false},"excerpt":{"rendered":"<p>\u0110i\u1ec1u Kho\u1ea3n V\u00e0 \u0110i\u1ec1u Ki\u1ec7n \u0110I\u1ec0U KHO\u1ea2N V\u00c0 \u0110I\u1ec0U KI\u1ec6N Ch\u00e0o m\u1eebng \u0111\u1ebfn v\u1edbi Mekong Prime (sau \u0111\u00e2y g\u1ecdi l\u00e0 \u201cC\u00f4ng ty\u201d, \u201cch\u00fang t\u00f4i\u201d), m\u1ed9t c\u00f4ng ty t\u01b0 v\u1ea5n t\u1ea1i Vi\u1ec7t Nam cung c\u1ea5p c\u00e1c d\u1ecbch v\u1ee5 di c\u01b0, qu\u1ed1c t\u1ecbch th\u00f4ng qua \u0111\u1ea7u t\u01b0, c\u01a1 h\u1ed9i vi\u1ec7c l\u00e0m v\u00e0 h\u1ecdc t\u1eadp, c\u00f9ng gi\u1ea3i ph\u00e1p [&hellip;]<\/p>","protected":false},"author":25,"featured_media":0,"parent":0,"menu_order":0,"comment_status":"closed","ping_status":"closed","template":"","meta":{"footnotes":""},"class_list":["post-6205","page","type-page","status-publish","hentry"],"_links":{"self":[{"href":"https:\/\/mekong-prime.com\/en\/wp-json\/wp\/v2\/pages\/6205","targetHints":{"allow":["GET"]}}],"collection":[{"href":"https:\/\/mekong-prime.com\/en\/wp-json\/wp\/v2\/pages"}],"about":[{"href":"https:\/\/mekong-prime.com\/en\/wp-json\/wp\/v2\/types\/page"}],"author":[{"embeddable":true,"href":"https:\/\/mekong-prime.com\/en\/wp-json\/wp\/v2\/users\/25"}],"replies":[{"embeddable":true,"href":"https:\/\/mekong-prime.com\/en\/wp-json\/wp\/v2\/comments?post=6205"}],"version-history":[{"count":6,"href":"https:\/\/mekong-prime.com\/en\/wp-json\/wp\/v2\/pages\/6205\/revisions"}],"predecessor-version":[{"id":6212,"href":"https:\/\/mekong-prime.com\/en\/wp-json\/wp\/v2\/pages\/6205\/revisions\/6212"}],"wp:attachment":[{"href":"https:\/\/mekong-prime.com\/en\/wp-json\/wp\/v2\/media?parent=6205"}],"curies":[{"name":"wp","href":"https:\/\/api.w.org\/{rel}","templated":true}]}}