{"id":6407,"date":"2024-12-28T22:51:06","date_gmt":"2024-12-28T15:51:06","guid":{"rendered":"https:\/\/mekong-prime.com\/?page_id=6407"},"modified":"2024-12-28T23:34:58","modified_gmt":"2024-12-28T16:34:58","slug":"bai-viet","status":"publish","type":"page","link":"https:\/\/mekong-prime.com\/en\/bai-viet\/","title":{"rendered":"Blogs"},"content":{"rendered":"<div data-elementor-type=\"wp-page\" data-elementor-id=\"6407\" class=\"elementor elementor-6407\" data-elementor-post-type=\"page\">\n\t\t\t\t<div class=\"elementor-element elementor-element-089f1d3 e-flex e-con-boxed e-con e-parent\" data-id=\"089f1d3\" data-element_type=\"container\" data-settings=\"{&quot;background_background&quot;:&quot;classic&quot;}\">\n\t\t\t\t\t<div class=\"e-con-inner\">\n\t\t\t\t\t<\/div>\n\t\t\t\t<\/div>\n\t\t<div class=\"elementor-element elementor-element-5b5e0df e-flex e-con-boxed e-con e-parent\" data-id=\"5b5e0df\" data-element_type=\"container\">\n\t\t\t\t\t<div class=\"e-con-inner\">\n\t\t\t\t<div class=\"elementor-element elementor-element-67b4c4a elementor-widget elementor-widget-heading\" data-id=\"67b4c4a\" data-element_type=\"widget\" data-widget_type=\"heading.default\">\n\t\t\t\t<div class=\"elementor-widget-container\">\n\t\t\t<h2 class=\"elementor-heading-title elementor-size-default\">Blogs<\/h2>\t\t<\/div>\n\t\t\t\t<\/div>\n\t\t\t\t\t<\/div>\n\t\t\t\t<\/div>\n\t\t<div class=\"elementor-element elementor-element-acda3fa e-flex e-con-boxed e-con e-parent\" data-id=\"acda3fa\" data-element_type=\"container\">\n\t\t\t\t\t<div class=\"e-con-inner\">\n\t\t\t\t<div class=\"elementor-element elementor-element-3f16bac elementor-grid-3 elementor-grid-tablet-2 elementor-grid-mobile-1 elementor-posts--thumbnail-top elementor-posts--show-avatar elementor-card-shadow-yes elementor-posts__hover-gradient elementor-widget elementor-widget-posts\" data-id=\"3f16bac\" data-element_type=\"widget\" data-settings=\"{&quot;cards_columns&quot;:&quot;3&quot;,&quot;cards_columns_tablet&quot;:&quot;2&quot;,&quot;cards_columns_mobile&quot;:&quot;1&quot;,&quot;cards_row_gap&quot;:{&quot;unit&quot;:&quot;px&quot;,&quot;size&quot;:35,&quot;sizes&quot;:[]},&quot;cards_row_gap_tablet&quot;:{&quot;unit&quot;:&quot;px&quot;,&quot;size&quot;:&quot;&quot;,&quot;sizes&quot;:[]},&quot;cards_row_gap_mobile&quot;:{&quot;unit&quot;:&quot;px&quot;,&quot;size&quot;:&quot;&quot;,&quot;sizes&quot;:[]}}\" data-widget_type=\"posts.cards\">\n\t\t\t\t<div class=\"elementor-widget-container\">\n\t\t\t\t\t<div class=\"elementor-posts-container elementor-posts elementor-posts--skin-cards elementor-grid\">\n\t\t\t\t<article class=\"elementor-post elementor-grid-item post-6444 post type-post status-publish format-standard has-post-thumbnail hentry category-tin-tuc\">\n\t\t\t<div class=\"elementor-post__card\">\n\t\t\t\t<a class=\"elementor-post__thumbnail__link\" href=\"https:\/\/mekong-prime.com\/en\/kham-pha-co-hoi-toan-cau-cung-mekong-prime-doi-tac-dang-tin-cay-cho-dich-vu-di-tru-va-du-hoc\/\" tabindex=\"-1\" ><div class=\"elementor-post__thumbnail\"><img fetchpriority=\"high\" decoding=\"async\" width=\"2560\" height=\"1920\" src=\"https:\/\/mekong-prime.com\/wp-content\/uploads\/2024\/11\/Vision-scaled.jpg\" class=\"attachment-full size-full wp-image-5816\" alt=\"\" srcset=\"https:\/\/mekong-prime.com\/wp-content\/uploads\/2024\/11\/Vision-scaled.jpg 2560w, https:\/\/mekong-prime.com\/wp-content\/uploads\/2024\/11\/Vision-300x225.jpg 300w, https:\/\/mekong-prime.com\/wp-content\/uploads\/2024\/11\/Vision-1024x768.jpg 1024w, https:\/\/mekong-prime.com\/wp-content\/uploads\/2024\/11\/Vision-768x576.jpg 768w, https:\/\/mekong-prime.com\/wp-content\/uploads\/2024\/11\/Vision-1536x1152.jpg 1536w, https:\/\/mekong-prime.com\/wp-content\/uploads\/2024\/11\/Vision-2048x1536.jpg 2048w, https:\/\/mekong-prime.com\/wp-content\/uploads\/2024\/11\/Vision-600x450.jpg 600w\" sizes=\"(max-width: 2560px) 100vw, 2560px\" \/><\/div><\/a>\n\t\t\t\t<div class=\"elementor-post__badge\">Tin T\u1ee9c<\/div>\n\t\t\t\t<div class=\"elementor-post__avatar\">\n\t\t\t<img alt='Nguyen Anh' src='https:\/\/secure.gravatar.com\/avatar\/dacde5f3d93eb9e0ab2c36fc392fc71ebb580472e26230b1cd34105d3bc25b81?s=128&#038;d=mm&#038;r=g' srcset='https:\/\/secure.gravatar.com\/avatar\/dacde5f3d93eb9e0ab2c36fc392fc71ebb580472e26230b1cd34105d3bc25b81?s=256&#038;d=mm&#038;r=g 2x' class='avatar avatar-128 photo' height='128' width='128' \/>\t\t<\/div>\n\t\t\t\t<div class=\"elementor-post__text\">\n\t\t\t\t<h3 class=\"elementor-post__title\">\n\t\t\t<a href=\"https:\/\/mekong-prime.com\/en\/kham-pha-co-hoi-toan-cau-cung-mekong-prime-doi-tac-dang-tin-cay-cho-dich-vu-di-tru-va-du-hoc\/\" >\n\t\t\t\tKh\u00e1m Ph\u00e1 C\u01a1 H\u1ed9i To\u00e0n C\u1ea7u C\u00f9ng Mekong Prime: \u0110\u1ed1i T\u00e1c \u0110\u00e1ng Tin C\u1eady Cho D\u1ecbch V\u1ee5 Di Tr\u00fa v\u00e0 Du H\u1ecdc\t\t\t<\/a>\n\t\t<\/h3>\n\t\t\t\t<div class=\"elementor-post__excerpt\">\n\t\t\t<p>M\u1edf Ra C\u00e1nh C\u1eeda Qu\u1ed1c T\u1ebf V\u1edbi Mekong Prime Ch\u00e0o m\u1eebng b\u1ea1n \u0111\u1ebfn v\u1edbi Mekong Prime, n\u01a1i c\u00e1c gi\u1ea5c m\u01a1 v\u01b0\u1ee3t bi\u00ean gi\u1edbi tr\u1edf th\u00e0nh hi\u1ec7n th\u1ef1c. N\u1ebfu b\u1ea1n \u0111ang<\/p>\n\t\t<\/div>\n\t\t\n\t\t<a class=\"elementor-post__read-more\" href=\"https:\/\/mekong-prime.com\/en\/kham-pha-co-hoi-toan-cau-cung-mekong-prime-doi-tac-dang-tin-cay-cho-dich-vu-di-tru-va-du-hoc\/\" aria-label=\"Read more about Kh\u00e1m Ph\u00e1 C\u01a1 H\u1ed9i To\u00e0n C\u1ea7u C\u00f9ng Mekong Prime: \u0110\u1ed1i T\u00e1c \u0110\u00e1ng Tin C\u1eady Cho D\u1ecbch V\u1ee5 Di Tr\u00fa v\u00e0 Du H\u1ecdc\" tabindex=\"-1\" >\n\t\t\tRead More \u00bb\t\t<\/a>\n\n\t\t\t\t<\/div>\n\t\t\t\t\t<\/div>\n\t\t<\/article>\n\t\t\t\t<\/div>\n\t\t\n\t\t\t\t<\/div>\n\t\t\t\t<\/div>\n\t\t\t\t\t<\/div>\n\t\t\t\t<\/div>\n\t\t\t\t<\/div>","protected":false},"excerpt":{"rendered":"<p>Blogs<\/p>","protected":false},"author":25,"featured_media":0,"parent":0,"menu_order":0,"comment_status":"closed","ping_status":"closed","template":"","meta":{"footnotes":""},"class_list":["post-6407","page","type-page","status-publish","hentry"],"_links":{"self":[{"href":"https:\/\/mekong-prime.com\/en\/wp-json\/wp\/v2\/pages\/6407","targetHints":{"allow":["GET"]}}],"collection":[{"href":"https:\/\/mekong-prime.com\/en\/wp-json\/wp\/v2\/pages"}],"about":[{"href":"https:\/\/mekong-prime.com\/en\/wp-json\/wp\/v2\/types\/page"}],"author":[{"embeddable":true,"href":"https:\/\/mekong-prime.com\/en\/wp-json\/wp\/v2\/users\/25"}],"replies":[{"embeddable":true,"href":"https:\/\/mekong-prime.com\/en\/wp-json\/wp\/v2\/comments?post=6407"}],"version-history":[{"count":22,"href":"https:\/\/mekong-prime.com\/en\/wp-json\/wp\/v2\/pages\/6407\/revisions"}],"predecessor-version":[{"id":6459,"href":"https:\/\/mekong-prime.com\/en\/wp-json\/wp\/v2\/pages\/6407\/revisions\/6459"}],"wp:attachment":[{"href":"https:\/\/mekong-prime.com\/en\/wp-json\/wp\/v2\/media?parent=6407"}],"curies":[{"name":"wp","href":"https:\/\/api.w.org\/{rel}","templated":true}]}}